{"id":14124,"date":"2021-08-30T18:08:55","date_gmt":"2021-08-30T16:08:55","guid":{"rendered":"https:\/\/e-poka.com\/strony-www-krakow\/"},"modified":"2024-06-12T14:45:00","modified_gmt":"2024-06-12T12:45:00","slug":"home","status":"publish","type":"page","link":"https:\/\/e-poka.com\/en\/","title":{"rendered":"Home"},"content":{"rendered":"","protected":false},"excerpt":{"rendered":"","protected":false},"author":1,"featured_media":0,"parent":0,"menu_order":0,"comment_status":"closed","ping_status":"closed","template":"","meta":{"_acf_changed":false,"inline_featured_image":false,"footnotes":""},"class_list":["post-14124","page","type-page","status-publish","hentry"],"acf":[],"yoast_head":"<!-- This site is optimized with the Yoast SEO plugin v27.3 - https:\/\/yoast.com\/product\/yoast-seo-wordpress\/ -->\n<title>Strony www Krak\u00f3w, projekty graficzne, logo - Epoka<\/title>\n<meta name=\"description\" content=\"Projektowanie i tworzenie stron www, sklep\u00f3w internetowych, projekt\u00f3w graficznych i logo oraz branding. Pomagamy si\u0119 rozwija\u0107 - wsz\u0119dzie.\" \/>\n<meta name=\"robots\" content=\"index, follow, max-snippet:-1, max-image-preview:large, max-video-preview:-1\" \/>\n<link rel=\"canonical\" href=\"https:\/\/e-poka.com\/en\/\" \/>\n<meta property=\"og:locale\" content=\"en_US\" \/>\n<meta property=\"og:type\" content=\"article\" \/>\n<meta property=\"og:title\" content=\"Strony www Krak\u00f3w, projekty graficzne, logo - Epoka\" \/>\n<meta property=\"og:description\" content=\"Projektowanie i tworzenie stron www, sklep\u00f3w internetowych, projekt\u00f3w graficznych i logo oraz branding. Pomagamy si\u0119 rozwija\u0107 - wsz\u0119dzie.\" \/>\n<meta property=\"og:url\" content=\"https:\/\/e-poka.com\/en\/\" \/>\n<meta property=\"og:site_name\" content=\"Epoka\" \/>\n<meta property=\"article:publisher\" content=\"https:\/\/www.facebook.com\/agencja.epoka\" \/>\n<meta property=\"article:modified_time\" content=\"2024-06-12T12:45:00+00:00\" \/>\n<meta name=\"twitter:card\" content=\"summary_large_image\" \/>\n<meta name=\"twitter:label1\" content=\"Est. reading time\" \/>\n\t<meta name=\"twitter:data1\" content=\"10 minutes\" \/>\n<script type=\"application\/ld+json\" class=\"yoast-schema-graph\">{\"@context\":\"https:\\\/\\\/schema.org\",\"@graph\":[{\"@type\":\"WebPage\",\"@id\":\"https:\\\/\\\/e-poka.com\\\/en\\\/\",\"url\":\"https:\\\/\\\/e-poka.com\\\/en\\\/\",\"name\":\"Strony www Krak\u00f3w, projekty graficzne, logo - Epoka\",\"isPartOf\":{\"@id\":\"https:\\\/\\\/e-poka.com\\\/en\\\/#website\"},\"datePublished\":\"2021-08-30T16:08:55+00:00\",\"dateModified\":\"2024-06-12T12:45:00+00:00\",\"description\":\"Projektowanie i tworzenie stron www, sklep\u00f3w internetowych, projekt\u00f3w graficznych i logo oraz branding. Pomagamy si\u0119 rozwija\u0107 - wsz\u0119dzie.\",\"breadcrumb\":{\"@id\":\"https:\\\/\\\/e-poka.com\\\/en\\\/#breadcrumb\"},\"inLanguage\":\"en-US\",\"potentialAction\":[{\"@type\":\"ReadAction\",\"target\":[\"https:\\\/\\\/e-poka.com\\\/en\\\/\"]}]},{\"@type\":\"BreadcrumbList\",\"@id\":\"https:\\\/\\\/e-poka.com\\\/en\\\/#breadcrumb\",\"itemListElement\":[{\"@type\":\"ListItem\",\"position\":1,\"name\":\"Home\",\"item\":\"https:\\\/\\\/e-poka.com\\\/en\\\/\"},{\"@type\":\"ListItem\",\"position\":2,\"name\":\"Home\"}]},{\"@type\":\"WebSite\",\"@id\":\"https:\\\/\\\/e-poka.com\\\/en\\\/#website\",\"url\":\"https:\\\/\\\/e-poka.com\\\/en\\\/\",\"name\":\"Strony internetowe Krak\u00f3w\",\"description\":\"Interactive Agency that will develop you.\",\"publisher\":{\"@id\":\"https:\\\/\\\/e-poka.com\\\/en\\\/#organization\"},\"potentialAction\":[{\"@type\":\"SearchAction\",\"target\":{\"@type\":\"EntryPoint\",\"urlTemplate\":\"https:\\\/\\\/e-poka.com\\\/en\\\/?s={search_term_string}\"},\"query-input\":{\"@type\":\"PropertyValueSpecification\",\"valueRequired\":true,\"valueName\":\"search_term_string\"}}],\"inLanguage\":\"en-US\"},{\"@type\":\"Organization\",\"@id\":\"https:\\\/\\\/e-poka.com\\\/en\\\/#organization\",\"name\":\"Epoka Agencja Interaktywna\",\"url\":\"https:\\\/\\\/e-poka.com\\\/en\\\/\",\"logo\":{\"@type\":\"ImageObject\",\"inLanguage\":\"en-US\",\"@id\":\"https:\\\/\\\/e-poka.com\\\/en\\\/#\\\/schema\\\/logo\\\/image\\\/\",\"url\":\"https:\\\/\\\/e-poka.com\\\/wp-content\\\/uploads\\\/2021\\\/12\\\/epoka-logo-schema.jpg\",\"contentUrl\":\"https:\\\/\\\/e-poka.com\\\/wp-content\\\/uploads\\\/2021\\\/12\\\/epoka-logo-schema.jpg\",\"width\":300,\"height\":200,\"caption\":\"Epoka Agencja Interaktywna\"},\"image\":{\"@id\":\"https:\\\/\\\/e-poka.com\\\/en\\\/#\\\/schema\\\/logo\\\/image\\\/\"},\"sameAs\":[\"https:\\\/\\\/www.facebook.com\\\/agencja.epoka\"]}]}<\/script>\n<!-- \/ Yoast SEO plugin. -->","yoast_head_json":{"title":"Strony www Krak\u00f3w, projekty graficzne, logo - Epoka","description":"Projektowanie i tworzenie stron www, sklep\u00f3w internetowych, projekt\u00f3w graficznych i logo oraz branding. Pomagamy si\u0119 rozwija\u0107 - wsz\u0119dzie.","robots":{"index":"index","follow":"follow","max-snippet":"max-snippet:-1","max-image-preview":"max-image-preview:large","max-video-preview":"max-video-preview:-1"},"canonical":"https:\/\/e-poka.com\/en\/","og_locale":"en_US","og_type":"article","og_title":"Strony www Krak\u00f3w, projekty graficzne, logo - Epoka","og_description":"Projektowanie i tworzenie stron www, sklep\u00f3w internetowych, projekt\u00f3w graficznych i logo oraz branding. Pomagamy si\u0119 rozwija\u0107 - wsz\u0119dzie.","og_url":"https:\/\/e-poka.com\/en\/","og_site_name":"Epoka","article_publisher":"https:\/\/www.facebook.com\/agencja.epoka","article_modified_time":"2024-06-12T12:45:00+00:00","twitter_card":"summary_large_image","twitter_misc":{"Est. reading time":"10 minutes"},"schema":{"@context":"https:\/\/schema.org","@graph":[{"@type":"WebPage","@id":"https:\/\/e-poka.com\/en\/","url":"https:\/\/e-poka.com\/en\/","name":"Strony www Krak\u00f3w, projekty graficzne, logo - Epoka","isPartOf":{"@id":"https:\/\/e-poka.com\/en\/#website"},"datePublished":"2021-08-30T16:08:55+00:00","dateModified":"2024-06-12T12:45:00+00:00","description":"Projektowanie i tworzenie stron www, sklep\u00f3w internetowych, projekt\u00f3w graficznych i logo oraz branding. Pomagamy si\u0119 rozwija\u0107 - wsz\u0119dzie.","breadcrumb":{"@id":"https:\/\/e-poka.com\/en\/#breadcrumb"},"inLanguage":"en-US","potentialAction":[{"@type":"ReadAction","target":["https:\/\/e-poka.com\/en\/"]}]},{"@type":"BreadcrumbList","@id":"https:\/\/e-poka.com\/en\/#breadcrumb","itemListElement":[{"@type":"ListItem","position":1,"name":"Home","item":"https:\/\/e-poka.com\/en\/"},{"@type":"ListItem","position":2,"name":"Home"}]},{"@type":"WebSite","@id":"https:\/\/e-poka.com\/en\/#website","url":"https:\/\/e-poka.com\/en\/","name":"Strony internetowe Krak\u00f3w","description":"Interactive Agency that will develop you.","publisher":{"@id":"https:\/\/e-poka.com\/en\/#organization"},"potentialAction":[{"@type":"SearchAction","target":{"@type":"EntryPoint","urlTemplate":"https:\/\/e-poka.com\/en\/?s={search_term_string}"},"query-input":{"@type":"PropertyValueSpecification","valueRequired":true,"valueName":"search_term_string"}}],"inLanguage":"en-US"},{"@type":"Organization","@id":"https:\/\/e-poka.com\/en\/#organization","name":"Epoka Agencja Interaktywna","url":"https:\/\/e-poka.com\/en\/","logo":{"@type":"ImageObject","inLanguage":"en-US","@id":"https:\/\/e-poka.com\/en\/#\/schema\/logo\/image\/","url":"https:\/\/e-poka.com\/wp-content\/uploads\/2021\/12\/epoka-logo-schema.jpg","contentUrl":"https:\/\/e-poka.com\/wp-content\/uploads\/2021\/12\/epoka-logo-schema.jpg","width":300,"height":200,"caption":"Epoka Agencja Interaktywna"},"image":{"@id":"https:\/\/e-poka.com\/en\/#\/schema\/logo\/image\/"},"sameAs":["https:\/\/www.facebook.com\/agencja.epoka"]}]}},"_links":{"self":[{"href":"https:\/\/e-poka.com\/en\/wp-json\/wp\/v2\/pages\/14124","targetHints":{"allow":["GET"]}}],"collection":[{"href":"https:\/\/e-poka.com\/en\/wp-json\/wp\/v2\/pages"}],"about":[{"href":"https:\/\/e-poka.com\/en\/wp-json\/wp\/v2\/types\/page"}],"author":[{"embeddable":true,"href":"https:\/\/e-poka.com\/en\/wp-json\/wp\/v2\/users\/1"}],"replies":[{"embeddable":true,"href":"https:\/\/e-poka.com\/en\/wp-json\/wp\/v2\/comments?post=14124"}],"version-history":[{"count":12,"href":"https:\/\/e-poka.com\/en\/wp-json\/wp\/v2\/pages\/14124\/revisions"}],"predecessor-version":[{"id":16805,"href":"https:\/\/e-poka.com\/en\/wp-json\/wp\/v2\/pages\/14124\/revisions\/16805"}],"wp:attachment":[{"href":"https:\/\/e-poka.com\/en\/wp-json\/wp\/v2\/media?parent=14124"}],"curies":[{"name":"wp","href":"https:\/\/api.w.org\/{rel}","templated":true}]}}